{"id":1481,"date":"2022-05-26T22:44:40","date_gmt":"2022-05-26T20:44:40","guid":{"rendered":"https:\/\/psihologbeograd.rs\/backup\/?page_id=1481"},"modified":"2022-05-26T22:46:11","modified_gmt":"2022-05-26T20:46:11","slug":"polisa-privatnosti","status":"publish","type":"page","link":"https:\/\/psihologbeograd.rs\/backup\/polisa-privatnosti\/","title":{"rendered":"Polisa privatnosti"},"content":{"rendered":"\n<p>PRIKUPLJANJE PODATAKA<\/p>\n\n\n\n<p>Posetilac mo\u017ee da poseti ve\u0107i deo internet sajta osim dela gde je potrebno biti registrovan korisnik. Dokle god ne poru\u010di ni\u0161ta mi ne prikupljamo nikakve li\u010dne informacije od njega ve\u0107 samo koristimo kola\u010di\u0107e kako bi obezbedili bezbedan i pouzdan rad sajta.<\/p>\n\n\n\n<p>Ukoliko korisnik odlu\u010di da sara\u0111uje sa nama i poru\u010di bilo koju uslugu koja nije domen mora\u0107e da kao fizi\u010dko lice ostavi svoju email adresu preko koje \u0107e primiti svoju porud\u017ebinu i na koju \u0107e biti automatski registrovan na ovom sajtu. Ukoliko \u017eeli da poru\u010di kao pravno lice mora\u0107e da ostavi i podatke firme kao \u0161to su Ime firme, adresa firme, pib i mati\u010dni broj.<\/p>\n\n\n\n<p>Ukoliko korisnik odlu\u010di da zaka\u017ee seansu kod nas mora\u0107e da dostavi osnovne li\u010dne informacije koje su neophodne da bi domen bio registrovan. Podaci koje se zahtevaju za registraciju domena su: Ime, Prezime, Adresa, Telefon, Email, Grad, Dr\u017eava i po\u0161tanski broj. <\/p>\n\n\n\n<p>Na sajtu se koristi i google analytics koji prikuplja podatke radi analziranja kretanja posetioca po sajtu kao i livechat pomo\u0107u koga korisnici mogu da kontaktiraju prodaju ili podr\u0161ku.<\/p>\n\n\n\n<p><br>KAKO SE KORISTE PRIKUPLJENI PODACI<\/p>\n\n\n\n<p>Podaci se koriste pre svega za upravljanje usluge koje su kupljene. Ostali podaci koji se ne ti\u010du usluga kao \u0161to je pra\u0107enje ip adrese i kola\u010di\u0107a jeste za bolju analizu korisnika i korisnik ne mo\u017ee biti identifikovan pomo\u0107u njih sa na\u0161e strane dokle god nije ulogovan na na\u0161em sajtu.<\/p>\n\n\n\n<p><br>ZA\u0160TITA PODATAKA<\/p>\n\n\n\n<p>Kao i sa na\u0161im uslugama tako i na ovom serveru gde se \u010duvaju podaci kao i ovaj sajt koristi se poslednje verzije softvera koje pru\u017eaju jako visok nivo za\u0161tite kako bi prikupljeni podaci ostali potpuno za\u0161ti\u0107eni. Mi se obavezujemo da ne\u0107emo ni na koji na\u010din odavati ili prosle\u0111ivati podatke prikupljene prilikom porud\u017ebine ili na bilo koji drugi na\u010din bilo kome osim u slu\u010daju sudskog naloga kada smo po zakonu i obavezni.<\/p>\n","protected":false},"excerpt":{"rendered":"<p>PRIKUPLJANJE PODATAKA Posetilac mo\u017ee da poseti ve\u0107i deo internet sajta osim dela gde je potrebno biti registrovan korisnik. Dokle god ne poru\u010di ni\u0161ta mi ne prikupljamo nikakve li\u010dne informacije od njega ve\u0107 samo koristimo kola\u010di\u0107e kako bi obezbedili bezbedan i pouzdan rad sajta. Ukoliko korisnik odlu\u010di da sara\u0111uje sa nama [&hellip;]<\/p>\n","protected":false},"author":6,"featured_media":0,"parent":0,"menu_order":0,"comment_status":"closed","ping_status":"closed","template":"","meta":{"om_disable_all_campaigns":false,"_monsterinsights_skip_tracking":false,"_monsterinsights_sitenote_active":false,"_monsterinsights_sitenote_note":"","_monsterinsights_sitenote_category":0,"footnotes":""},"class_list":["post-1481","page","type-page","status-publish","hentry"],"aioseo_notices":[],"_links":{"self":[{"href":"https:\/\/psihologbeograd.rs\/backup\/wp-json\/wp\/v2\/pages\/1481","targetHints":{"allow":["GET"]}}],"collection":[{"href":"https:\/\/psihologbeograd.rs\/backup\/wp-json\/wp\/v2\/pages"}],"about":[{"href":"https:\/\/psihologbeograd.rs\/backup\/wp-json\/wp\/v2\/types\/page"}],"author":[{"embeddable":true,"href":"https:\/\/psihologbeograd.rs\/backup\/wp-json\/wp\/v2\/users\/6"}],"replies":[{"embeddable":true,"href":"https:\/\/psihologbeograd.rs\/backup\/wp-json\/wp\/v2\/comments?post=1481"}],"version-history":[{"count":2,"href":"https:\/\/psihologbeograd.rs\/backup\/wp-json\/wp\/v2\/pages\/1481\/revisions"}],"predecessor-version":[{"id":1484,"href":"https:\/\/psihologbeograd.rs\/backup\/wp-json\/wp\/v2\/pages\/1481\/revisions\/1484"}],"wp:attachment":[{"href":"https:\/\/psihologbeograd.rs\/backup\/wp-json\/wp\/v2\/media?parent=1481"}],"curies":[{"name":"wp","href":"https:\/\/api.w.org\/{rel}","templated":true}]}}