{"id":150,"date":"2018-06-15T19:19:38","date_gmt":"2018-06-15T19:19:38","guid":{"rendered":"https:\/\/psihologbeograd.rs\/backup\/?page_id=150"},"modified":"2024-01-20T19:07:38","modified_gmt":"2024-01-20T18:07:38","slug":"zakazi-seansu-uzivo","status":"publish","type":"page","link":"https:\/\/psihologbeograd.rs\/backup\/zakazi-seansu-uzivo\/","title":{"rendered":"U\u017dIVO"},"content":{"rendered":"\n<p><strong>Kome je namenjena psihoterapija?<\/strong><\/p>\n\n\n\n<p>Psihoterapija je namenjena svima koji ose\u0107aju potrebu za razgovorom sa stru\u010dnim licem. Bitno je naglasiti da na psihoterapiju ne dolaze samo osobe sa nekim psihi\u010dkim poreme\u0107ajem, ve\u0107 i osobe koje \u017eele da preduprede javljanje poreme\u0107aja, kao i da unaprede kvalitet svog \u017eivota.<\/p>\n\n\n\n<p><strong>Koliko traje jedna seansa?<\/strong><\/p>\n\n\n\n<p>Seanse se naj\u010de\u0161\u0107e odr\u017eavaju jednom nedeljno u trajanju od 50 do 60 minuta. U zavisnosti od izra\u017eenosti problema, seanse se mogu odr\u017eavati i dva puta nedeljno, a nekada i svake druge nedelje.<\/p>\n\n\n\n<p><strong>Kako da znam da \u0107e mi odgovarati psiholog i psihoterapijski pravac?<\/strong><\/p>\n\n\n\n<p>Vi\u0161e o psiholozima u savetovali\u0161tu Metanoja mo\u017eete pro\u010ditati&nbsp;<a href=\"https:\/\/psihologbeograd.rs\/backup\/savetovaliste-metanoja\/\" title=\"\">ovde<\/a>, a o samom psihoterapijskom pravcu&nbsp;<a data-slimstat=\"5\" class=\"customize-unpreviewable\" href=\"http:\/\/rebt.rs\/teorija-i-praksa-rebt-a\/\" target=\"_blank\" rel=\"noopener noreferrer\">ovde<\/a>. Na osnovu tih kriterijuma birate psihologa i psihoterapiju koje Vam najvi\u0161e odgovaraju.<\/p>\n\n\n\n<p><strong>Kako izgleda prva seansa?<\/strong><\/p>\n\n\n\n<p>Na prvoj seansi se klijent i psiholog upoznaju. Tada psiholog poku\u0161ava da razume klijenta u kontekstu njegovih problema, defini\u0161e koje sve pote\u0161ko\u0107e ima i predstavlja tok terapije. Naj\u010de\u0161\u0107e se izme\u0111u prve i druge seanse zadaju upitnici koji nam poma\u017eu da otkrijemo sve tegobe.<\/p>\n\n\n\n<p><strong>Koliko iznosi cena individualne seanse?<\/strong><\/p>\n\n\n\n<p>Cena individualne seanse iznosi 3500 RSD (~30 EUR). Cena partnerske, bra\u010dne i porodi\u010dne seanse iznosi 5000 RSD (~45 EUR).<\/p>\n\n\n\n<p>Ukoliko niste u mogu\u0107nosti da do\u0111ete do na\u0161e kancelarije, imamo opciju i online <a href=\"https:\/\/psihologbeograd.rs\/backup\/zakazite-seansu\/\" title=\"\">savetovanja<\/a><a href=\"https:\/\/psihologbeograd.rs\/backup\/zakazite-seansu__trashed\/zakazite-skype-seansu\/?customize_changeset_uuid=e67fa280-175a-4ef4-9a0d-327b25c75a05&amp;customize_messenger_channel=preview-1\">.<\/a><\/p>\n\n\n\n<p><em>Nemojte \u010dekati da Va\u0161i emocionalni problemi postanu suvi\u0161e ozbiljni. Krenite na psihoterapiju \u010dim primetite neprijatne simptome. Popunite kratku kontakt formu i zaka\u017eite Va\u0161u prvu seansu ve\u0107 danas.<\/em><\/p>\n\n\n\n<p>Ukoliko niste u mogu\u0107nosti da do\u0111ete do na\u0161e kancelarije, u ponudi imamo i mogu\u0107nost\u00a0<a href=\"https:\/\/psihologbeograd.rs\/backup\/zakazite-seansu\/\" target=\"_blank\" rel=\"noopener\" title=\"\">online savetovanja<\/a>.<\/p>\n\n\n<div class=\"wpforms-container wpforms-container-full\" id=\"wpforms-1184\"><form id=\"wpforms-form-1184\" class=\"wpforms-validate wpforms-form\" data-formid=\"1184\" method=\"post\" enctype=\"multipart\/form-data\" action=\"\/backup\/wp-json\/wp\/v2\/pages\/150\" data-token=\"c80d4f600bd8e2cc677affa516ff06ec\" data-token-time=\"1778862776\"><noscript class=\"wpforms-error-noscript\">Please enable JavaScript in your browser to complete this form.<\/noscript><div class=\"wpforms-field-container\"><div id=\"wpforms-1184-field_0-container\" class=\"wpforms-field wpforms-field-name\" data-field-id=\"0\"><label class=\"wpforms-field-label\" for=\"wpforms-1184-field_0\">Va\u0161e ime <span class=\"wpforms-required-label\">*<\/span><\/label><input type=\"text\" id=\"wpforms-1184-field_0\" class=\"wpforms-field-medium wpforms-field-required\" name=\"wpforms[fields][0]\" required><\/div><div id=\"wpforms-1184-field_1-container\" class=\"wpforms-field wpforms-field-email\" data-field-id=\"1\"><label class=\"wpforms-field-label\" for=\"wpforms-1184-field_1\">Va\u0161 e-mail <span class=\"wpforms-required-label\">*<\/span><\/label><input type=\"email\" id=\"wpforms-1184-field_1\" class=\"wpforms-field-medium wpforms-field-required\" name=\"wpforms[fields][1]\" spellcheck=\"false\" required><\/div><div id=\"wpforms-1184-field_3-container\" class=\"wpforms-field wpforms-field-text\" data-field-id=\"3\"><label class=\"wpforms-field-label\" for=\"wpforms-1184-field_3\">Va\u0161 telefon<\/label><input type=\"text\" id=\"wpforms-1184-field_3\" class=\"wpforms-field-medium\" name=\"wpforms[fields][3]\" ><\/div><div id=\"wpforms-1184-field_2-container\" class=\"wpforms-field wpforms-field-textarea\" data-field-id=\"2\"><label class=\"wpforms-field-label\" for=\"wpforms-1184-field_2\">Va\u0161a poruka <span class=\"wpforms-required-label\">*<\/span><\/label><textarea id=\"wpforms-1184-field_2\" class=\"wpforms-field-medium wpforms-field-required\" name=\"wpforms[fields][2]\" required><\/textarea><\/div><\/div><!-- .wpforms-field-container --><div class=\"wpforms-field wpforms-field-hp\"><label for=\"wpforms-1184-field-hp\" class=\"wpforms-field-label\">Message<\/label><input type=\"text\" name=\"wpforms[hp]\" id=\"wpforms-1184-field-hp\" class=\"wpforms-field-medium\"><\/div><div class=\"wpforms-submit-container\" ><input type=\"hidden\" name=\"wpforms[id]\" value=\"1184\"><input type=\"hidden\" name=\"page_title\" value=\"\"><input type=\"hidden\" name=\"page_url\" value=\"https:\/\/psihologbeograd.rs\/backup\/wp-json\/wp\/v2\/pages\/150\"><input type=\"hidden\" name=\"url_referer\" value=\"\"><button type=\"submit\" name=\"wpforms[submit]\" id=\"wpforms-submit-1184\" class=\"wpforms-submit\" data-alt-text=\"\u0160alje se\" data-submit-text=\"ZAKA\u017dI SEANSU U\u017dIVO\" aria-live=\"assertive\" value=\"wpforms-submit\">ZAKA\u017dI SEANSU U\u017dIVO<\/button><\/div><\/form><\/div>  <!-- .wpforms-container -->\n","protected":false},"excerpt":{"rendered":"<p>Kome je namenjena psihoterapija? Psihoterapija je namenjena svima koji ose\u0107aju potrebu za razgovorom sa stru\u010dnim licem. Bitno je naglasiti da na psihoterapiju ne dolaze samo osobe sa nekim psihi\u010dkim poreme\u0107ajem, ve\u0107 i osobe koje \u017eele da preduprede javljanje poreme\u0107aja, kao i da unaprede kvalitet svog \u017eivota. Koliko traje jedna seansa? [&hellip;]<\/p>\n","protected":false},"author":6,"featured_media":217,"parent":0,"menu_order":0,"comment_status":"closed","ping_status":"closed","template":"","meta":{"om_disable_all_campaigns":false,"_monsterinsights_skip_tracking":false,"_monsterinsights_sitenote_active":false,"_monsterinsights_sitenote_note":"","_monsterinsights_sitenote_category":0,"footnotes":""},"class_list":["post-150","page","type-page","status-publish","has-post-thumbnail","hentry"],"aioseo_notices":[],"_links":{"self":[{"href":"https:\/\/psihologbeograd.rs\/backup\/wp-json\/wp\/v2\/pages\/150","targetHints":{"allow":["GET"]}}],"collection":[{"href":"https:\/\/psihologbeograd.rs\/backup\/wp-json\/wp\/v2\/pages"}],"about":[{"href":"https:\/\/psihologbeograd.rs\/backup\/wp-json\/wp\/v2\/types\/page"}],"author":[{"embeddable":true,"href":"https:\/\/psihologbeograd.rs\/backup\/wp-json\/wp\/v2\/users\/6"}],"replies":[{"embeddable":true,"href":"https:\/\/psihologbeograd.rs\/backup\/wp-json\/wp\/v2\/comments?post=150"}],"version-history":[{"count":17,"href":"https:\/\/psihologbeograd.rs\/backup\/wp-json\/wp\/v2\/pages\/150\/revisions"}],"predecessor-version":[{"id":1667,"href":"https:\/\/psihologbeograd.rs\/backup\/wp-json\/wp\/v2\/pages\/150\/revisions\/1667"}],"wp:featuredmedia":[{"embeddable":true,"href":"https:\/\/psihologbeograd.rs\/backup\/wp-json\/wp\/v2\/media\/217"}],"wp:attachment":[{"href":"https:\/\/psihologbeograd.rs\/backup\/wp-json\/wp\/v2\/media?parent=150"}],"curies":[{"name":"wp","href":"https:\/\/api.w.org\/{rel}","templated":true}]}}