{"id":1605,"date":"2024-01-19T20:37:50","date_gmt":"2024-01-19T19:37:50","guid":{"rendered":"https:\/\/psihologbeograd.rs\/backup\/?page_id=1605"},"modified":"2024-03-25T13:19:30","modified_gmt":"2024-03-25T12:19:30","slug":"ko-smo-mi","status":"publish","type":"page","link":"https:\/\/psihologbeograd.rs\/backup\/","title":{"rendered":"Po\u010detna"},"content":{"rendered":"\n<p>Savetovali\u0161te Metanoja \u010dine master psiholozi i socijalni radnici koji se bave psihoterapijom i savetodavnim radom.<\/p>\n\n\n\n<p>Na\u0161i psihoterapeuti u radu koriste Racionalno emotivnu i kognitivno bihejvioralnu terapiju (RE&amp;KBT) i transakcionu analizu.<\/p>\n\n\n\n<p>Koristimo nau\u010dno zasnovane metode i individualan pristup svakom klijentu.<\/p>\n\n\n\n<p>Nastojimo da kreiramo bezbedno okru\u017eenje u kojem \u0107ete mo\u0107i da rastete i razvijate se.<\/p>\n\n\n\n<p>Va\u017eno nam je da pru\u017eimo empatiju, razumevanje, kao i alate za prevazila\u017eenje razli\u010ditih emocionalnih problema (na poslu, u odnosima sa drugima ili sa sobom) prate\u0107i va\u0161 tempo i uva\u017eavaju\u0107i va\u0161e potrebe.<\/p>\n","protected":false},"excerpt":{"rendered":"<p>Savetovali\u0161te Metanoja \u010dine master psiholozi i socijalni radnici koji se bave psihoterapijom i savetodavnim radom. Na\u0161i psihoterapeuti u radu koriste Racionalno emotivnu i kognitivno bihejvioralnu terapiju (RE&amp;KBT) i transakcionu analizu. Koristimo nau\u010dno zasnovane metode i individualan pristup svakom klijentu. Nastojimo da kreiramo bezbedno okru\u017eenje u kojem \u0107ete mo\u0107i da rastete [&hellip;]<\/p>\n","protected":false},"author":2,"featured_media":0,"parent":0,"menu_order":0,"comment_status":"closed","ping_status":"closed","template":"","meta":{"om_disable_all_campaigns":false,"_monsterinsights_skip_tracking":false,"_monsterinsights_sitenote_active":false,"_monsterinsights_sitenote_note":"","_monsterinsights_sitenote_category":0,"footnotes":""},"class_list":["post-1605","page","type-page","status-publish","hentry"],"aioseo_notices":[],"_links":{"self":[{"href":"https:\/\/psihologbeograd.rs\/backup\/wp-json\/wp\/v2\/pages\/1605","targetHints":{"allow":["GET"]}}],"collection":[{"href":"https:\/\/psihologbeograd.rs\/backup\/wp-json\/wp\/v2\/pages"}],"about":[{"href":"https:\/\/psihologbeograd.rs\/backup\/wp-json\/wp\/v2\/types\/page"}],"author":[{"embeddable":true,"href":"https:\/\/psihologbeograd.rs\/backup\/wp-json\/wp\/v2\/users\/2"}],"replies":[{"embeddable":true,"href":"https:\/\/psihologbeograd.rs\/backup\/wp-json\/wp\/v2\/comments?post=1605"}],"version-history":[{"count":5,"href":"https:\/\/psihologbeograd.rs\/backup\/wp-json\/wp\/v2\/pages\/1605\/revisions"}],"predecessor-version":[{"id":1751,"href":"https:\/\/psihologbeograd.rs\/backup\/wp-json\/wp\/v2\/pages\/1605\/revisions\/1751"}],"wp:attachment":[{"href":"https:\/\/psihologbeograd.rs\/backup\/wp-json\/wp\/v2\/media?parent=1605"}],"curies":[{"name":"wp","href":"https:\/\/api.w.org\/{rel}","templated":true}]}}