{"id":21,"date":"2018-06-14T18:24:50","date_gmt":"2018-06-14T18:24:50","guid":{"rendered":"https:\/\/psihologbeograd.rs\/backup\/?page_id=21"},"modified":"2024-01-19T22:47:13","modified_gmt":"2024-01-19T21:47:13","slug":"kontakt","status":"publish","type":"page","link":"https:\/\/psihologbeograd.rs\/backup\/kontakt\/","title":{"rendered":"Kontakt"},"content":{"rendered":"<h4 style=\"text-align: center;\">Direktno nas pozovite ili po\u0161aljite sms na 060\/1496304<\/h4>\n<h4 style=\"text-align: center;\">(odgovaramo i na Viber\/WhatsApp)<\/h4>\n<h5>Mo\u017eete popuniti i kratku kontakt formu, a va\u0161a poruka \u0107e sti\u0107i na na\u0161u mejl adresu (ili nam po\u0161aljite direktno e-mail na <a href=\"mailto:contact@psihologbeograd.rs\"><em><strong>contact@psihologbeograd.rs<\/strong><\/em><\/a>)<\/h5>\n<p>Cena individualne seanse iznosi 3500 RSD (~30 EUR). Cena partnerske, bra\u010dne i porodi\u010dne seanse iznosi 5000 RSD (~45 EUR).<\/p>\n<div class=\"wpforms-container wpforms-container-full\" id=\"wpforms-1180\"><form id=\"wpforms-form-1180\" class=\"wpforms-validate wpforms-form\" data-formid=\"1180\" method=\"post\" enctype=\"multipart\/form-data\" action=\"\/backup\/wp-json\/wp\/v2\/pages\/21\" data-token=\"998d4b7ca630c090f96523b0a317594d\" data-token-time=\"1778862768\"><noscript class=\"wpforms-error-noscript\">Please enable JavaScript in your browser to complete this form.<\/noscript><div class=\"wpforms-field-container\"><div id=\"wpforms-1180-field_0-container\" class=\"wpforms-field wpforms-field-name\" data-field-id=\"0\"><label class=\"wpforms-field-label\" for=\"wpforms-1180-field_0\">Va\u0161e ime <span class=\"wpforms-required-label\">*<\/span><\/label><input type=\"text\" id=\"wpforms-1180-field_0\" class=\"wpforms-field-medium wpforms-field-required\" name=\"wpforms[fields][0]\" required><\/div><div id=\"wpforms-1180-field_1-container\" class=\"wpforms-field wpforms-field-email\" data-field-id=\"1\"><label class=\"wpforms-field-label\" for=\"wpforms-1180-field_1\">Va\u0161 e-mail <span class=\"wpforms-required-label\">*<\/span><\/label><input type=\"email\" id=\"wpforms-1180-field_1\" class=\"wpforms-field-medium wpforms-field-required\" name=\"wpforms[fields][1]\" spellcheck=\"false\" required><\/div><div id=\"wpforms-1180-field_3-container\" class=\"wpforms-field wpforms-field-text\" data-field-id=\"3\"><label class=\"wpforms-field-label\" for=\"wpforms-1180-field_3\">Va\u0161 telefon<\/label><input type=\"text\" id=\"wpforms-1180-field_3\" class=\"wpforms-field-medium\" name=\"wpforms[fields][3]\" ><\/div><div id=\"wpforms-1180-field_2-container\" class=\"wpforms-field wpforms-field-textarea\" data-field-id=\"2\"><label class=\"wpforms-field-label\" for=\"wpforms-1180-field_2\">Va\u0161a poruka <span class=\"wpforms-required-label\">*<\/span><\/label><textarea id=\"wpforms-1180-field_2\" class=\"wpforms-field-medium wpforms-field-required\" name=\"wpforms[fields][2]\" required><\/textarea><\/div><\/div><!-- .wpforms-field-container --><div class=\"wpforms-field wpforms-field-hp\"><label for=\"wpforms-1180-field-hp\" class=\"wpforms-field-label\">Message<\/label><input type=\"text\" name=\"wpforms[hp]\" id=\"wpforms-1180-field-hp\" class=\"wpforms-field-medium\"><\/div><div class=\"wpforms-submit-container\" ><input type=\"hidden\" name=\"wpforms[id]\" value=\"1180\"><input type=\"hidden\" name=\"page_title\" value=\"\"><input type=\"hidden\" name=\"page_url\" value=\"https:\/\/psihologbeograd.rs\/backup\/wp-json\/wp\/v2\/pages\/21\"><input type=\"hidden\" name=\"url_referer\" value=\"\"><button type=\"submit\" name=\"wpforms[submit]\" id=\"wpforms-submit-1180\" class=\"wpforms-submit\" data-alt-text=\"\u0160alje se\" data-submit-text=\"Po\u0161alji\" aria-live=\"assertive\" value=\"wpforms-submit\">Po\u0161alji<\/button><\/div><\/form><\/div>  <!-- .wpforms-container -->\n<p>Na mapi mo\u017eete videti gde se nalazi na\u0161e savetovali\u0161te (Makedonska 4).<\/p>\n<p><center><iframe loading=\"lazy\" width=\"100%\" height=\"450\" style=\"border: 0;\" src=\"https:\/\/www.google.com\/maps\/embed?pb=!1m18!1m12!1m3!1d2830.2886824234834!2d20.456277992547417!3d44.815683196479135!2m3!1f0!2f0!3f0!3m2!1i1024!2i768!4f13.1!3m3!1m2!1s0x475a7ab23c7cbf65%3A0x7e0f2badaa453b68!2sMakedonska%204%2C%20Beograd!5e0!3m2!1sen!2srs!4v1699294702436!5m2!1sen!2srs\" allowfullscreen=\"allowfullscreen\"><\/iframe><\/p>\n<p><\/center><\/p>\n","protected":false},"excerpt":{"rendered":"<p>Direktno nas pozovite ili po\u0161aljite sms na 060\/1496304 (odgovaramo i na Viber\/WhatsApp) Mo\u017eete popuniti i kratku kontakt formu, a va\u0161a poruka \u0107e sti\u0107i na na\u0161u mejl adresu (ili nam po\u0161aljite direktno e-mail na contact@psihologbeograd.rs) Cena individualne seanse iznosi 3500 RSD (~30 EUR). Cena partnerske, bra\u010dne i porodi\u010dne seanse iznosi 5000 [&hellip;]<\/p>\n","protected":false},"author":2,"featured_media":832,"parent":0,"menu_order":0,"comment_status":"closed","ping_status":"closed","template":"","meta":{"om_disable_all_campaigns":false,"_monsterinsights_skip_tracking":false,"_monsterinsights_sitenote_active":false,"_monsterinsights_sitenote_note":"","_monsterinsights_sitenote_category":0,"footnotes":""},"class_list":["post-21","page","type-page","status-publish","has-post-thumbnail","hentry"],"aioseo_notices":[],"_links":{"self":[{"href":"https:\/\/psihologbeograd.rs\/backup\/wp-json\/wp\/v2\/pages\/21","targetHints":{"allow":["GET"]}}],"collection":[{"href":"https:\/\/psihologbeograd.rs\/backup\/wp-json\/wp\/v2\/pages"}],"about":[{"href":"https:\/\/psihologbeograd.rs\/backup\/wp-json\/wp\/v2\/types\/page"}],"author":[{"embeddable":true,"href":"https:\/\/psihologbeograd.rs\/backup\/wp-json\/wp\/v2\/users\/2"}],"replies":[{"embeddable":true,"href":"https:\/\/psihologbeograd.rs\/backup\/wp-json\/wp\/v2\/comments?post=21"}],"version-history":[{"count":42,"href":"https:\/\/psihologbeograd.rs\/backup\/wp-json\/wp\/v2\/pages\/21\/revisions"}],"predecessor-version":[{"id":1639,"href":"https:\/\/psihologbeograd.rs\/backup\/wp-json\/wp\/v2\/pages\/21\/revisions\/1639"}],"wp:featuredmedia":[{"embeddable":true,"href":"https:\/\/psihologbeograd.rs\/backup\/wp-json\/wp\/v2\/media\/832"}],"wp:attachment":[{"href":"https:\/\/psihologbeograd.rs\/backup\/wp-json\/wp\/v2\/media?parent=21"}],"curies":[{"name":"wp","href":"https:\/\/api.w.org\/{rel}","templated":true}]}}