{"id":277,"date":"2018-06-17T23:34:37","date_gmt":"2018-06-17T23:34:37","guid":{"rendered":"https:\/\/psihologbeograd.rs\/backup\/?page_id=277"},"modified":"2024-01-20T19:04:24","modified_gmt":"2024-01-20T18:04:24","slug":"zakazite-seansu","status":"publish","type":"page","link":"https:\/\/psihologbeograd.rs\/backup\/zakazite-seansu\/","title":{"rendered":"ONLINE"},"content":{"rendered":"\n<p><strong>Zbog \u010dega postoji opcija savetovanja putem programa Skype?<\/strong><\/p>\n\n\n\n<p>Mnogobrojni klijenti nam se obra\u0107aju sa \u017eeljom da zaka\u017eu termin, ali nisu u mogu\u0107nosti da do\u0111u do kancelarije, jer \u017eive u drugom gradu, dr\u017eavi ili kontinentu.<\/p>\n\n\n\n<p>Neki od klijenata imaju ograni\u010dene vremenske resurse, pa ne mogu da izdvoje toliko vremena da do\u0111u do same kancelarije.<\/p>\n\n\n\n<p>Neki, pak, \u017eele da ostanu u potpunosti anonimni i imaju seanse dok su u svojoj ku\u0107i.<\/p>\n\n\n\n<p><strong>Kome je namenjena psihoterapija?<\/strong><\/p>\n\n\n\n<p>Psihoterapija je namenjena svima koji ose\u0107aju potrebu za razgovorom sa stru\u010dnim licem. Bitno je naglasiti da na psihoterapiju ne dolaze samo osobe sa nekim psihi\u010dkim poreme\u0107ajem, ve\u0107 i osobe koje \u017eele da preduprede javljanje poreme\u0107aja, kao i da unaprede kvalitet svog \u017eivota.<\/p>\n\n\n\n<p><strong>Koliko traje jedna seansa?<\/strong><\/p>\n\n\n\n<p>Seanse se naj\u010de\u0161\u0107e odr\u017eavaju jednom nedeljno u trajanju od 50 do 60 minuta. U zavisnosti od izra\u017eenosti problema, seanse se mogu odr\u017eavati i dva puta nedeljno, a nekada i svake druge nedelje.<\/p>\n\n\n\n<p><strong>Kako da znam da \u0107e mi odgovarati psiholog i psihoterapijski pravac?<\/strong><\/p>\n\n\n\n<p>Vi\u0161e o psiholozima u savetovali\u0161tu Metanoja mo\u017eete pro\u010ditati <a href=\"https:\/\/psihologbeograd.rs\/backup\/savetovaliste-metanoja\/\" target=\"_blank\" rel=\"noreferrer noopener\">ovde<\/a>, a o samom psihoterapijskom pravcu <a href=\"http:\/\/rebt.rs\/teorija-i-praksa-rebt-a\/\" target=\"_blank\" rel=\"noreferrer noopener\">ovde<\/a>. Na osnovu tih kriterijuma birate psihologa i psihoterapiju koji Vam najvi\u0161e odgovaraju.<\/p>\n\n\n\n<p><strong>Kako izgleda prva seansa?<\/strong><\/p>\n\n\n\n<p>Na prvoj seansi se klijent i psiholog upoznaju. Tada psiholog poku\u0161ava da razume klijenta u kontekstu njegovih problema, defini\u0161e koje sve pote\u0161ko\u0107e ima i predstavlja tok terapije. Naj\u010de\u0161\u0107e se izme\u0111u prve i druge seanse zadaju upitnici koji nam poma\u017eu da otkrijemo sve tegobe.<\/p>\n\n\n\n<p><strong>Koliko iznosi cena individualne seanse?<\/strong><\/p>\n\n\n\n<p>Cena individualne seanse iznosi 3500 RSD (~30 EUR). Cena partnerske, bra\u010dne i porodi\u010dne seanse iznosi 5000 RSD (~45 EUR).<\/p>\n\n\n\n<p><em>Nemojte \u010dekati da Va\u0161i emocionalni problemi postanu suvi\u0161e ozbiljni. Krenite na psihoterapiju \u010dim primetite neprijatne simptome.&nbsp;Popunite kratku kontakt formu i zaka\u017eite Va\u0161u prvu seansu ve\u0107 danas.<\/em><\/p>\n\n\n<div class=\"wpforms-container wpforms-container-full\" id=\"wpforms-1186\"><form id=\"wpforms-form-1186\" class=\"wpforms-validate wpforms-form\" data-formid=\"1186\" method=\"post\" enctype=\"multipart\/form-data\" action=\"\/backup\/wp-json\/wp\/v2\/pages\/277\" data-token=\"d269f4675ce9531c761cefab46232b0f\" data-token-time=\"1778862775\"><noscript class=\"wpforms-error-noscript\">Please enable JavaScript in your browser to complete this form.<\/noscript><div class=\"wpforms-field-container\"><div id=\"wpforms-1186-field_0-container\" class=\"wpforms-field wpforms-field-name\" data-field-id=\"0\"><label class=\"wpforms-field-label\" for=\"wpforms-1186-field_0\">Va\u0161e ime <span class=\"wpforms-required-label\">*<\/span><\/label><input type=\"text\" id=\"wpforms-1186-field_0\" class=\"wpforms-field-medium wpforms-field-required\" name=\"wpforms[fields][0]\" required><\/div><div id=\"wpforms-1186-field_1-container\" class=\"wpforms-field wpforms-field-email\" data-field-id=\"1\"><label class=\"wpforms-field-label\" for=\"wpforms-1186-field_1\">Va\u0161 e-mail <span class=\"wpforms-required-label\">*<\/span><\/label><input type=\"email\" id=\"wpforms-1186-field_1\" class=\"wpforms-field-medium wpforms-field-required\" name=\"wpforms[fields][1]\" spellcheck=\"false\" required><\/div><div id=\"wpforms-1186-field_3-container\" class=\"wpforms-field wpforms-field-text\" data-field-id=\"3\"><label class=\"wpforms-field-label\" for=\"wpforms-1186-field_3\">Va\u0161 telefon<\/label><input type=\"text\" id=\"wpforms-1186-field_3\" class=\"wpforms-field-medium\" name=\"wpforms[fields][3]\" ><\/div><div id=\"wpforms-1186-field_2-container\" class=\"wpforms-field wpforms-field-textarea\" data-field-id=\"2\"><label class=\"wpforms-field-label\" for=\"wpforms-1186-field_2\">Va\u0161a poruka <span class=\"wpforms-required-label\">*<\/span><\/label><textarea id=\"wpforms-1186-field_2\" class=\"wpforms-field-medium wpforms-field-required\" name=\"wpforms[fields][2]\" required><\/textarea><\/div><\/div><!-- .wpforms-field-container --><div class=\"wpforms-field wpforms-field-hp\"><label for=\"wpforms-1186-field-hp\" class=\"wpforms-field-label\">Website<\/label><input type=\"text\" name=\"wpforms[hp]\" id=\"wpforms-1186-field-hp\" class=\"wpforms-field-medium\"><\/div><div class=\"wpforms-submit-container\" ><input type=\"hidden\" name=\"wpforms[id]\" value=\"1186\"><input type=\"hidden\" name=\"page_title\" value=\"\"><input type=\"hidden\" name=\"page_url\" value=\"https:\/\/psihologbeograd.rs\/backup\/wp-json\/wp\/v2\/pages\/277\"><input type=\"hidden\" name=\"url_referer\" value=\"\"><button type=\"submit\" name=\"wpforms[submit]\" id=\"wpforms-submit-1186\" class=\"wpforms-submit\" data-alt-text=\"\u0160alje se\" data-submit-text=\"ZAKA\u017dI ONLINE SEANSU\" aria-live=\"assertive\" value=\"wpforms-submit\">ZAKA\u017dI ONLINE SEANSU<\/button><\/div><\/form><\/div>  <!-- .wpforms-container -->\n","protected":false},"excerpt":{"rendered":"<p>Zbog \u010dega postoji opcija savetovanja putem programa Skype? Mnogobrojni klijenti nam se obra\u0107aju sa \u017eeljom da zaka\u017eu termin, ali nisu u mogu\u0107nosti da do\u0111u do kancelarije, jer \u017eive u drugom gradu, dr\u017eavi ili kontinentu. Neki od klijenata imaju ograni\u010dene vremenske resurse, pa ne mogu da izdvoje toliko vremena da do\u0111u [&hellip;]<\/p>\n","protected":false},"author":6,"featured_media":227,"parent":0,"menu_order":0,"comment_status":"closed","ping_status":"closed","template":"","meta":{"om_disable_all_campaigns":false,"_monsterinsights_skip_tracking":false,"_monsterinsights_sitenote_active":false,"_monsterinsights_sitenote_note":"","_monsterinsights_sitenote_category":0,"footnotes":""},"class_list":["post-277","page","type-page","status-publish","has-post-thumbnail","hentry"],"aioseo_notices":[],"_links":{"self":[{"href":"https:\/\/psihologbeograd.rs\/backup\/wp-json\/wp\/v2\/pages\/277","targetHints":{"allow":["GET"]}}],"collection":[{"href":"https:\/\/psihologbeograd.rs\/backup\/wp-json\/wp\/v2\/pages"}],"about":[{"href":"https:\/\/psihologbeograd.rs\/backup\/wp-json\/wp\/v2\/types\/page"}],"author":[{"embeddable":true,"href":"https:\/\/psihologbeograd.rs\/backup\/wp-json\/wp\/v2\/users\/6"}],"replies":[{"embeddable":true,"href":"https:\/\/psihologbeograd.rs\/backup\/wp-json\/wp\/v2\/comments?post=277"}],"version-history":[{"count":15,"href":"https:\/\/psihologbeograd.rs\/backup\/wp-json\/wp\/v2\/pages\/277\/revisions"}],"predecessor-version":[{"id":1664,"href":"https:\/\/psihologbeograd.rs\/backup\/wp-json\/wp\/v2\/pages\/277\/revisions\/1664"}],"wp:featuredmedia":[{"embeddable":true,"href":"https:\/\/psihologbeograd.rs\/backup\/wp-json\/wp\/v2\/media\/227"}],"wp:attachment":[{"href":"https:\/\/psihologbeograd.rs\/backup\/wp-json\/wp\/v2\/media?parent=277"}],"curies":[{"name":"wp","href":"https:\/\/api.w.org\/{rel}","templated":true}]}}